{"id":2110,"date":"2025-06-21T18:32:34","date_gmt":"2025-06-21T17:32:34","guid":{"rendered":"https:\/\/campingsalsten.se\/?page_id=2110"},"modified":"2026-01-28T17:33:19","modified_gmt":"2026-01-28T16:33:19","slug":"dataskydd","status":"publish","type":"page","link":"https:\/\/campingsalsten.se\/de\/dataskydd\/","title":{"rendered":"Datenschutz"},"content":{"rendered":"<div data-elementor-type=\"wp-page\" data-elementor-id=\"2110\" class=\"elementor elementor-2110\" data-elementor-post-type=\"page\">\n\t\t\t\t<div class=\"elementor-element elementor-element-ccb77db e-flex e-con-boxed e-con e-parent\" data-id=\"ccb77db\" data-element_type=\"container\" data-e-type=\"container\">\n\t\t\t\t\t<div class=\"e-con-inner\">\n\t\t\t\t\t<\/div>\n\t\t\t\t<\/div>\n\t\t<div class=\"elementor-element elementor-element-421cdf91 e-flex e-con-boxed e-con e-parent\" data-id=\"421cdf91\" data-element_type=\"container\" data-e-type=\"container\">\n\t\t\t\t\t<div class=\"e-con-inner\">\n\t\t\t\t<div class=\"elementor-element elementor-element-540306c2 elementor-widget elementor-widget-spacer\" data-id=\"540306c2\" data-element_type=\"widget\" data-e-type=\"widget\" data-widget_type=\"spacer.default\">\n\t\t\t\t<div class=\"elementor-widget-container\">\n\t\t\t\t\t\t\t<div class=\"elementor-spacer\">\n\t\t\t<div class=\"elementor-spacer-inner\"><\/div>\n\t\t<\/div>\n\t\t\t\t\t\t<\/div>\n\t\t\t\t<\/div>\n\t\t\t\t<div class=\"elementor-element elementor-element-469ec4c8 elementor-widget elementor-widget-heading\" data-id=\"469ec4c8\" data-element_type=\"widget\" data-e-type=\"widget\" data-widget_type=\"heading.default\">\n\t\t\t\t<div class=\"elementor-widget-container\">\n\t\t\t\t\t<h2 class=\"elementor-heading-title elementor-size-default\">Datenschutz<\/h2>\t\t\t\t<\/div>\n\t\t\t\t<\/div>\n\t\t\t\t<div class=\"elementor-element elementor-element-21dad573 elementor-widget elementor-widget-text-editor\" data-id=\"21dad573\" data-element_type=\"widget\" data-e-type=\"widget\" data-widget_type=\"text-editor.default\">\n\t\t\t\t<div class=\"elementor-widget-container\">\n\t\t\t\t\t\t\t\t\t<p>Wir nehmen den Schutz Ihrer pers\u00f6nlichen Daten sehr ernst. Wir behandeln Ihre personenbezogenen Daten vertraulich und in \u00dcbereinstimmung mit den geltenden Datenschutzbestimmungen und dieser Datenschutzrichtlinie.&nbsp;<\/p>\n<p><br><\/p>\n<p><b>1. Verantwortliche Stelle&nbsp;<\/b><\/p>\n<p>Die f\u00fcr die Datenverarbeitung auf dieser Website verantwortliche Person ist&nbsp;<\/p>\n<p>Sarah Blum<\/p>\n<p>S\u00e4lsten 22<\/p>\n<p>871 33 H\u00e4rn\u00f6sand, Schweden<\/p>\n<p>info@campingsalsten.se<\/p>\n<p><br><\/p>\n<p>2. Erhebung und Speicherung personenbezogener Daten sowie die Art und den Zweck ihrer Verwendung&nbsp;<\/p>\n<p>Wenn Sie unsere Website besuchen, werden automatisch Informationen von Ihrem Browser an unseren Server \u00fcbermittelt. Dazu geh\u00f6ren: - IP-Adresse - Datum und Uhrzeit des Zugriffs - Browsertyp und ggf. das Betriebssystem Ihres Computers Diese Daten werden nur ausgewertet, um den reibungslosen Betrieb der Website zu gew\u00e4hrleisten und unser Angebot zu verbessern - sie werden nicht mit bestimmten Personen in Verbindung gebracht.&nbsp;<\/p>\n<p><br><\/p>\n<p>3. Verwendung von Cookies&nbsp;<\/p>\n<p>Wir verwenden nur technisch notwendige Cookies, um die Funktionalit\u00e4t unserer Website zu gew\u00e4hrleisten. Eine Verarbeitung zu Analyse- oder Marketingzwecken findet nicht statt.&nbsp;<\/p>\n<p><br><\/p>\n<p>4. Kontakt&nbsp;<\/p>\n<p>Wenn Sie per E-Mail oder \u00fcber ein Kontaktformular Kontakt mit uns aufnehmen, werden die von Ihnen mitgeteilten Daten (z.B. Name, E-Mail-Adresse und ggf. weitere freiwillige Angaben) ausschliesslich zum Zweck der Bearbeitung Ihrer Anfrage gespeichert. Diese Daten werden ohne Ihre ausdr\u00fcckliche Zustimmung nicht an Dritte weitergegeben.&nbsp;<\/p>\n<p><br><\/p>\n<p>5. Ihre Rechte&nbsp;<\/p>\n<p>Sie haben ein Recht auf unentgeltliche Auskunft \u00fcber Ihre gespeicherten personenbezogenen Daten sowie ggf. ein Recht auf Berichtigung, Sperrung oder L\u00f6schung dieser Daten. Bitte wenden Sie sich an: info@campingsalsten.se<\/p>\n<p><br><\/p>\n<p>6. Aktualisierung dieser Datenschutzrichtlinie&nbsp;<\/p><p>Wir behalten uns das Recht vor, diese Datenschutzrichtlinie bei Bedarf zu \u00e4ndern, um sicherzustellen, dass sie stets den geltenden rechtlichen Anforderungen entspricht, oder um \u00c4nderungen an unseren Dienstleistungen in die Datenschutzrichtlinie aufzunehmen.<\/p>\t\t\t\t\t\t\t\t<\/div>\n\t\t\t\t<\/div>\n\t\t\t\t<div class=\"elementor-element elementor-element-7abbe9c elementor-widget-divider--view-line elementor-widget elementor-widget-divider\" data-id=\"7abbe9c\" data-element_type=\"widget\" data-e-type=\"widget\" data-widget_type=\"divider.default\">\n\t\t\t\t<div class=\"elementor-widget-container\">\n\t\t\t\t\t\t\t<div class=\"elementor-divider\">\n\t\t\t<span class=\"elementor-divider-separator\">\n\t\t\t\t\t\t<\/span>\n\t\t<\/div>\n\t\t\t\t\t\t<\/div>\n\t\t\t\t<\/div>\n\t\t\t\t\t<\/div>\n\t\t\t\t<\/div>\n\t\t<div class=\"elementor-element elementor-element-ff61e78 e-grid e-con-boxed e-con e-parent\" data-id=\"ff61e78\" data-element_type=\"container\" data-e-type=\"container\">\n\t\t\t\t\t<div class=\"e-con-inner\">\n\t\t\t\t<div class=\"elementor-element elementor-element-cacd9ae elementor-widget elementor-widget-image\" data-id=\"cacd9ae\" data-element_type=\"widget\" data-e-type=\"widget\" data-widget_type=\"image.default\">\n\t\t\t\t<div class=\"elementor-widget-container\">\n\t\t\t\t\t\t\t\t\t\t\t\t\t\t\t<img fetchpriority=\"high\" decoding=\"async\" width=\"300\" height=\"212\" src=\"https:\/\/campingsalsten.se\/wp-content\/uploads\/2026\/01\/CP_LogoHogaKusten-300x212.png\" class=\"attachment-medium size-medium wp-image-2505\" alt=\"\" srcset=\"https:\/\/campingsalsten.se\/wp-content\/uploads\/2026\/01\/CP_LogoHogaKusten-300x212.png 300w, https:\/\/campingsalsten.se\/wp-content\/uploads\/2026\/01\/CP_LogoHogaKusten-768x543.png 768w, https:\/\/campingsalsten.se\/wp-content\/uploads\/2026\/01\/CP_LogoHogaKusten-18x12.png 18w, https:\/\/campingsalsten.se\/wp-content\/uploads\/2026\/01\/CP_LogoHogaKusten.png 893w\" sizes=\"(max-width: 300px) 100vw, 300px\" \/>\t\t\t\t\t\t\t\t\t\t\t\t\t\t\t<\/div>\n\t\t\t\t<\/div>\n\t\t\t\t<div class=\"elementor-element elementor-element-e1fea7a elementor-widget elementor-widget-heading\" data-id=\"e1fea7a\" data-element_type=\"widget\" data-e-type=\"widget\" data-widget_type=\"heading.default\">\n\t\t\t\t<div class=\"elementor-widget-container\">\n\t\t\t\t\t<h2 class=\"elementor-heading-title elementor-size-default\">Adresse:<br>S\u00e4lsten 22<br>871 33 H\u00e4rn\u00f6sand, Schweden <\/h2>\t\t\t\t<\/div>\n\t\t\t\t<\/div>\n\t\t\t\t<div class=\"elementor-element elementor-element-9f14b16 elementor-widget elementor-widget-heading\" data-id=\"9f14b16\" data-element_type=\"widget\" data-e-type=\"widget\" data-widget_type=\"heading.default\">\n\t\t\t\t<div class=\"elementor-widget-container\">\n\t\t\t\t\t<h2 class=\"elementor-heading-title elementor-size-default\"><a href=\"tel:+4661118150\">Telefon:<br>+46 (0) 611 181 50<\/a><\/h2>\t\t\t\t<\/div>\n\t\t\t\t<\/div>\n\t\t\t\t<div class=\"elementor-element elementor-element-3734829 elementor-shape-rounded elementor-grid-0 e-grid-align-center elementor-widget elementor-widget-social-icons\" data-id=\"3734829\" data-element_type=\"widget\" data-e-type=\"widget\" data-widget_type=\"social-icons.default\">\n\t\t\t\t<div class=\"elementor-widget-container\">\n\t\t\t\t\t\t\t<div class=\"elementor-social-icons-wrapper elementor-grid\" role=\"list\">\n\t\t\t\t\t\t\t<span class=\"elementor-grid-item\" role=\"listitem\">\n\t\t\t\t\t<a class=\"elementor-icon elementor-social-icon elementor-social-icon-envelope elementor-repeater-item-5780972\" href=\"mailto:info@campingsalsten.se\" target=\"_blank\">\n\t\t\t\t\t\t<span class=\"elementor-screen-only\">Umschlag<\/span>\n\t\t\t\t\t\t<svg aria-hidden=\"true\" class=\"e-font-icon-svg e-fas-envelope\" viewbox=\"0 0 512 512\" xmlns=\"http:\/\/www.w3.org\/2000\/svg\"><path d=\"M502.3 190.8c3.9-3.1 9.7-.2 9.7 4.7V400c0 26.5-21.5 48-48 48H48c-26.5 0-48-21.5-48-48V195.6c0-5 5.7-7.8 9.7-4.7 22.4 17.4 52.1 39.5 154.1 113.6 21.1 15.4 56.7 47.8 92.2 47.6 35.7.3 72-32.8 92.3-47.6 102-74.1 131.6-96.3 154-113.7zM256 320c23.2.4 56.6-29.2 73.4-41.4 132.7-96.3 142.8-104.7 173.4-128.7 5.8-4.5 9.2-11.5 9.2-18.9v-19c0-26.5-21.5-48-48-48H48C21.5 64 0 85.5 0 112v19c0 7.4 3.4 14.3 9.2 18.9 30.6 23.9 40.7 32.4 173.4 128.7 16.8 12.2 50.2 41.8 73.4 41.4z\"><\/path><\/svg>\t\t\t\t\t<\/a>\n\t\t\t\t<\/span>\n\t\t\t\t\t\t\t<span class=\"elementor-grid-item\" role=\"listitem\">\n\t\t\t\t\t<a class=\"elementor-icon elementor-social-icon elementor-social-icon-facebook elementor-repeater-item-924a4bc\" href=\"https:\/\/www.facebook.com\/profile.php?id=61575571474483\" target=\"_blank\">\n\t\t\t\t\t\t<span class=\"elementor-screen-only\">Facebook<\/span>\n\t\t\t\t\t\t<svg aria-hidden=\"true\" class=\"e-font-icon-svg e-fab-facebook\" viewbox=\"0 0 512 512\" xmlns=\"http:\/\/www.w3.org\/2000\/svg\"><path d=\"M504 256C504 119 393 8 256 8S8 119 8 256c0 123.78 90.69 226.38 209.25 245V327.69h-63V256h63v-54.64c0-62.15 37-96.48 93.67-96.48 27.14 0 55.52 4.84 55.52 4.84v61h-31.28c-30.8 0-40.41 19.12-40.41 38.73V256h68.78l-11 71.69h-57.78V501C413.31 482.38 504 379.78 504 256z\"><\/path><\/svg>\t\t\t\t\t<\/a>\n\t\t\t\t<\/span>\n\t\t\t\t\t\t\t<span class=\"elementor-grid-item\" role=\"listitem\">\n\t\t\t\t\t<a class=\"elementor-icon elementor-social-icon elementor-social-icon-instagram elementor-repeater-item-a7854a9\" href=\"https:\/\/www.instagram.com\/camping_salsten\/\" target=\"_blank\">\n\t\t\t\t\t\t<span class=\"elementor-screen-only\">Instagram<\/span>\n\t\t\t\t\t\t<svg aria-hidden=\"true\" class=\"e-font-icon-svg e-fab-instagram\" viewbox=\"0 0 448 512\" xmlns=\"http:\/\/www.w3.org\/2000\/svg\"><path d=\"M224.1 141c-63.6 0-114.9 51.3-114.9 114.9s51.3 114.9 114.9 114.9S339 319.5 339 255.9 287.7 141 224.1 141zm0 189.6c-41.1 0-74.7-33.5-74.7-74.7s33.5-74.7 74.7-74.7 74.7 33.5 74.7 74.7-33.6 74.7-74.7 74.7zm146.4-194.3c0 14.9-12 26.8-26.8 26.8-14.9 0-26.8-12-26.8-26.8s12-26.8 26.8-26.8 26.8 12 26.8 26.8zm76.1 27.2c-1.7-35.9-9.9-67.7-36.2-93.9-26.2-26.2-58-34.4-93.9-36.2-37-2.1-147.9-2.1-184.9 0-35.8 1.7-67.6 9.9-93.9 36.1s-34.4 58-36.2 93.9c-2.1 37-2.1 147.9 0 184.9 1.7 35.9 9.9 67.7 36.2 93.9s58 34.4 93.9 36.2c37 2.1 147.9 2.1 184.9 0 35.9-1.7 67.7-9.9 93.9-36.2 26.2-26.2 34.4-58 36.2-93.9 2.1-37 2.1-147.8 0-184.8zM398.8 388c-7.8 19.6-22.9 34.7-42.6 42.6-29.5 11.7-99.5 9-132.1 9s-102.7 2.6-132.1-9c-19.6-7.8-34.7-22.9-42.6-42.6-11.7-29.5-9-99.5-9-132.1s-2.6-102.7 9-132.1c7.8-19.6 22.9-34.7 42.6-42.6 29.5-11.7 99.5-9 132.1-9s102.7-2.6 132.1 9c19.6 7.8 34.7 22.9 42.6 42.6 11.7 29.5 9 99.5 9 132.1s2.7 102.7-9 132.1z\"><\/path><\/svg>\t\t\t\t\t<\/a>\n\t\t\t\t<\/span>\n\t\t\t\t\t<\/div>\n\t\t\t\t\t\t<\/div>\n\t\t\t\t<\/div>\n\t\t\t\t\t<\/div>\n\t\t\t\t<\/div>\n\t\t\t\t<\/div>","protected":false},"excerpt":{"rendered":"<p>Dataskydd Vi tar skyddet av dina personuppgifter p\u00e5 stort allvar. Vi behandlar dina personuppgifter konfidentiellt och i enlighet med g\u00e4llande dataskyddsbest\u00e4mmelser samt denna integritetspolicy.&nbsp; 1. Ansvarig instans&nbsp; Ansvarig f\u00f6r databehandlingen p\u00e5 denna webbplats \u00e4r:&nbsp; Sarah Blum S\u00e4lsten 22 871 33 H\u00e4rn\u00f6sand info@campingsalsten.se 2. Insamling och lagring av personuppgifter samt typ och syfte f\u00f6r deras anv\u00e4ndning&nbsp; [&hellip;]<\/p>\n","protected":false},"author":1,"featured_media":0,"parent":0,"menu_order":0,"comment_status":"closed","ping_status":"closed","template":"","meta":{"site-sidebar-layout":"no-sidebar","site-content-layout":"page-builder","ast-site-content-layout":"full-width-container","site-content-style":"unboxed","site-sidebar-style":"unboxed","ast-global-header-display":"","ast-banner-title-visibility":"","ast-main-header-display":"","ast-hfb-above-header-display":"","ast-hfb-below-header-display":"","ast-hfb-mobile-header-display":"","site-post-title":"disabled","ast-breadcrumbs-content":"","ast-featured-img":"disabled","footer-sml-layout":"","ast-disable-related-posts":"","theme-transparent-header-meta":"","adv-header-id-meta":"","stick-header-meta":"","header-above-stick-meta":"","header-main-stick-meta":"","header-below-stick-meta":"","astra-migrate-meta-layouts":"set","ast-page-background-enabled":"default","ast-page-background-meta":{"desktop":{"background-color":"var(--ast-global-color-4)","background-image":"","background-repeat":"repeat","background-position":"center center","background-size":"auto","background-attachment":"scroll","background-type":"","background-media":"","overlay-type":"","overlay-color":"","overlay-opacity":"","overlay-gradient":""},"tablet":{"background-color":"","background-image":"","background-repeat":"repeat","background-position":"center center","background-size":"auto","background-attachment":"scroll","background-type":"","background-media":"","overlay-type":"","overlay-color":"","overlay-opacity":"","overlay-gradient":""},"mobile":{"background-color":"","background-image":"","background-repeat":"repeat","background-position":"center center","background-size":"auto","background-attachment":"scroll","background-type":"","background-media":"","overlay-type":"","overlay-color":"","overlay-opacity":"","overlay-gradient":""}},"ast-content-background-meta":{"desktop":{"background-color":"var(--ast-global-color-5)","background-image":"","background-repeat":"repeat","background-position":"center center","background-size":"auto","background-attachment":"scroll","background-type":"","background-media":"","overlay-type":"","overlay-color":"","overlay-opacity":"","overlay-gradient":""},"tablet":{"background-color":"var(--ast-global-color-5)","background-image":"","background-repeat":"repeat","background-position":"center center","background-size":"auto","background-attachment":"scroll","background-type":"","background-media":"","overlay-type":"","overlay-color":"","overlay-opacity":"","overlay-gradient":""},"mobile":{"background-color":"var(--ast-global-color-5)","background-image":"","background-repeat":"repeat","background-position":"center center","background-size":"auto","background-attachment":"scroll","background-type":"","background-media":"","overlay-type":"","overlay-color":"","overlay-opacity":"","overlay-gradient":""}},"footnotes":""},"class_list":["post-2110","page","type-page","status-publish","hentry"],"_links":{"self":[{"href":"https:\/\/campingsalsten.se\/de\/wp-json\/wp\/v2\/pages\/2110","targetHints":{"allow":["GET"]}}],"collection":[{"href":"https:\/\/campingsalsten.se\/de\/wp-json\/wp\/v2\/pages"}],"about":[{"href":"https:\/\/campingsalsten.se\/de\/wp-json\/wp\/v2\/types\/page"}],"author":[{"embeddable":true,"href":"https:\/\/campingsalsten.se\/de\/wp-json\/wp\/v2\/users\/1"}],"replies":[{"embeddable":true,"href":"https:\/\/campingsalsten.se\/de\/wp-json\/wp\/v2\/comments?post=2110"}],"version-history":[{"count":15,"href":"https:\/\/campingsalsten.se\/de\/wp-json\/wp\/v2\/pages\/2110\/revisions"}],"predecessor-version":[{"id":2532,"href":"https:\/\/campingsalsten.se\/de\/wp-json\/wp\/v2\/pages\/2110\/revisions\/2532"}],"wp:attachment":[{"href":"https:\/\/campingsalsten.se\/de\/wp-json\/wp\/v2\/media?parent=2110"}],"curies":[{"name":"wp","href":"https:\/\/api.w.org\/{rel}","templated":true}]}}