{"id":16,"date":"2025-03-15T14:06:36","date_gmt":"2025-03-15T14:06:36","guid":{"rendered":"https:\/\/campingsalsten.se\/contact"},"modified":"2026-03-31T08:41:23","modified_gmt":"2026-03-31T07:41:23","slug":"om-oss","status":"publish","type":"page","link":"https:\/\/campingsalsten.se\/de\/om-oss\/","title":{"rendered":"\u00dcber uns"},"content":{"rendered":"<div data-elementor-type=\"wp-page\" data-elementor-id=\"16\" class=\"elementor elementor-16\" data-elementor-post-type=\"page\">\n\t\t\t\t<div class=\"elementor-element elementor-element-1fa0882c e-flex e-con-boxed e-con e-parent\" data-id=\"1fa0882c\" data-element_type=\"container\" data-e-type=\"container\">\n\t\t\t\t\t<div class=\"e-con-inner\">\n\t\t\t\t<div class=\"elementor-element elementor-element-355c041d elementor-widget elementor-widget-spacer\" data-id=\"355c041d\" data-element_type=\"widget\" data-e-type=\"widget\" data-widget_type=\"spacer.default\">\n\t\t\t\t<div class=\"elementor-widget-container\">\n\t\t\t\t\t\t\t<div class=\"elementor-spacer\">\n\t\t\t<div class=\"elementor-spacer-inner\"><\/div>\n\t\t<\/div>\n\t\t\t\t\t\t<\/div>\n\t\t\t\t<\/div>\n\t\t\t\t\t<\/div>\n\t\t\t\t<\/div>\n\t\t<div class=\"elementor-element elementor-element-302aca00 e-flex e-con-boxed e-con e-parent\" data-id=\"302aca00\" data-element_type=\"container\" data-e-type=\"container\">\n\t\t\t\t\t<div class=\"e-con-inner\">\n\t\t\t\t<div class=\"elementor-element elementor-element-712f36d elementor-widget elementor-widget-heading\" data-id=\"712f36d\" data-element_type=\"widget\" data-e-type=\"widget\" data-widget_type=\"heading.default\">\n\t\t\t\t<div class=\"elementor-widget-container\">\n\t\t\t\t\t<h2 class=\"elementor-heading-title elementor-size-default\">\u00dcber uns<\/h2>\t\t\t\t<\/div>\n\t\t\t\t<\/div>\n\t\t\t\t\t<\/div>\n\t\t\t\t<\/div>\n\t\t<div class=\"elementor-element elementor-element-9f33732 e-grid e-con-full e-con e-parent\" data-id=\"9f33732\" data-element_type=\"container\" data-e-type=\"container\">\n\t\t\t\t<div class=\"elementor-element elementor-element-6726347 elementor-widget elementor-widget-image\" data-id=\"6726347\" data-element_type=\"widget\" data-e-type=\"widget\" data-widget_type=\"image.default\">\n\t\t\t\t<div class=\"elementor-widget-container\">\n\t\t\t\t\t\t\t\t\t\t\t\t\t\t\t<img fetchpriority=\"high\" decoding=\"async\" width=\"1024\" height=\"768\" src=\"https:\/\/campingsalsten.se\/wp-content\/uploads\/2025\/04\/WhatsApp-Bild-2025-04-22-um-23.58.07_cfd50f34-1024x768.jpg\" class=\"attachment-large size-large wp-image-1930\" alt=\"\" srcset=\"https:\/\/campingsalsten.se\/wp-content\/uploads\/2025\/04\/WhatsApp-Bild-2025-04-22-um-23.58.07_cfd50f34-1024x768.jpg 1024w, https:\/\/campingsalsten.se\/wp-content\/uploads\/2025\/04\/WhatsApp-Bild-2025-04-22-um-23.58.07_cfd50f34-300x225.jpg 300w, https:\/\/campingsalsten.se\/wp-content\/uploads\/2025\/04\/WhatsApp-Bild-2025-04-22-um-23.58.07_cfd50f34-768x576.jpg 768w, https:\/\/campingsalsten.se\/wp-content\/uploads\/2025\/04\/WhatsApp-Bild-2025-04-22-um-23.58.07_cfd50f34-1536x1152.jpg 1536w, https:\/\/campingsalsten.se\/wp-content\/uploads\/2025\/04\/WhatsApp-Bild-2025-04-22-um-23.58.07_cfd50f34.jpg 1600w\" sizes=\"(max-width: 1024px) 100vw, 1024px\" \/>\t\t\t\t\t\t\t\t\t\t\t\t\t\t\t<\/div>\n\t\t\t\t<\/div>\n\t\t\t\t<div class=\"elementor-element elementor-element-fe87385 elementor-widget elementor-widget-heading\" data-id=\"fe87385\" data-element_type=\"widget\" data-e-type=\"widget\" data-widget_type=\"heading.default\">\n\t\t\t\t<div class=\"elementor-widget-container\">\n\t\t\t\t\t<h2 class=\"elementor-heading-title elementor-size-default\">Wir (Sarah und Mike) sind seit 2013 ein Paar und seit 2018 verheiratet. Nach einer Fernbeziehung (Schweiz - Deutschland) ist Sarah 2014 zu Mike in die Schweiz gezogen. Neben unseren Aus- und Weiterbildungen und dem Berufsleben haben wir unsere Leidenschaft f\u00fcr das Campen entdeckt. Zuerst mit Zelt und Motorrad, sp\u00e4ter mit dem Wohnwagen, dann mit dem Kastenwagen und nun reisen wir gemeinsam mit unseren beiden Hunden im Wohnmobil durch Europa. Daher kommt auch unsere Affinit\u00e4t zur Campingbranche und, durch unsere Reisen in den hohen Norden Skandinaviens, unsere Liebe zu Schweden.\n<br><br>Wir haben Gesellschaft von Andira (6 Jahre) und Ivy (2,5 Jahre), zwei Elo-Damen \u2013 unsere treuesten Reisebegleiterinnen sind nicht nur Familienmitglieder, sondern auch echte Camping-Profis! Perfekt f\u00fcr das Leben auf einem Campingplatz.<\/h2>\t\t\t\t<\/div>\n\t\t\t\t<\/div>\n\t\t\t\t<div class=\"elementor-element elementor-element-e4152be elementor-widget elementor-widget-image\" data-id=\"e4152be\" data-element_type=\"widget\" data-e-type=\"widget\" data-widget_type=\"image.default\">\n\t\t\t\t<div class=\"elementor-widget-container\">\n\t\t\t\t\t\t\t\t\t\t\t\t\t\t\t<img decoding=\"async\" width=\"1200\" height=\"950\" src=\"https:\/\/campingsalsten.se\/wp-content\/uploads\/2025\/04\/WhatsApp-Bild-2025-04-23-um-15.04.03_a751da93-e1745783867261.jpg\" class=\"attachment-full size-full wp-image-1932\" alt=\"\" srcset=\"https:\/\/campingsalsten.se\/wp-content\/uploads\/2025\/04\/WhatsApp-Bild-2025-04-23-um-15.04.03_a751da93-e1745783867261.jpg 1200w, https:\/\/campingsalsten.se\/wp-content\/uploads\/2025\/04\/WhatsApp-Bild-2025-04-23-um-15.04.03_a751da93-e1745783867261-300x238.jpg 300w, https:\/\/campingsalsten.se\/wp-content\/uploads\/2025\/04\/WhatsApp-Bild-2025-04-23-um-15.04.03_a751da93-e1745783867261-1024x811.jpg 1024w, https:\/\/campingsalsten.se\/wp-content\/uploads\/2025\/04\/WhatsApp-Bild-2025-04-23-um-15.04.03_a751da93-e1745783867261-768x608.jpg 768w\" sizes=\"(max-width: 1200px) 100vw, 1200px\" \/>\t\t\t\t\t\t\t\t\t\t\t\t\t\t\t<\/div>\n\t\t\t\t<\/div>\n\t\t\t\t<div class=\"elementor-element elementor-element-f5f28f6 elementor-widget elementor-widget-heading\" data-id=\"f5f28f6\" data-element_type=\"widget\" data-e-type=\"widget\" data-widget_type=\"heading.default\">\n\t\t\t\t<div class=\"elementor-widget-container\">\n\t\t\t\t\t<h2 class=\"elementor-heading-title elementor-size-default\">Unsere Reisen nach Schweden haben uns die unber\u00fchrte Natur, die freundlichen Menschen und die kulturelle Vielfalt Schwedens n\u00e4her gebracht. Schweden bietet eine perfekte Umgebung f\u00fcr Campingliebhaber wie uns. Wir sind begeistert von der Idee, ein St\u00fcckchen dieses Paradieses mit anderen zu teilen und einen Ort zu schaffen, an dem sich Gleichgesinnte treffen und die Natur geniessen k\u00f6nnen. <b>Unser Campingplatz soll daher vor allem ein Ort der Entspannung und Erholung in Schwedens sch\u00f6ner Natur sein.<\/b><br><br><b>\nWir freuen uns darauf, Sie auf Camping S\u00e4lsten begr\u00fcssen zu d\u00fcrfen! <\/b><\/h2>\t\t\t\t<\/div>\n\t\t\t\t<\/div>\n\t\t\t\t<\/div>\n\t\t<div class=\"elementor-element elementor-element-74c5c72 e-flex e-con-boxed e-con e-parent\" data-id=\"74c5c72\" data-element_type=\"container\" data-e-type=\"container\">\n\t\t\t\t\t<div class=\"e-con-inner\">\n\t\t\t\t<div class=\"elementor-element elementor-element-634d05ba elementor-widget-divider--view-line elementor-widget elementor-widget-divider\" data-id=\"634d05ba\" data-element_type=\"widget\" data-e-type=\"widget\" data-widget_type=\"divider.default\">\n\t\t\t\t<div class=\"elementor-widget-container\">\n\t\t\t\t\t\t\t<div class=\"elementor-divider\">\n\t\t\t<span class=\"elementor-divider-separator\">\n\t\t\t\t\t\t<\/span>\n\t\t<\/div>\n\t\t\t\t\t\t<\/div>\n\t\t\t\t<\/div>\n\t\t\t\t\t<\/div>\n\t\t\t\t<\/div>\n\t\t<div class=\"elementor-element elementor-element-f461df4 e-grid e-con-boxed e-con e-parent\" data-id=\"f461df4\" data-element_type=\"container\" data-e-type=\"container\">\n\t\t\t\t\t<div class=\"e-con-inner\">\n\t\t\t\t<div class=\"elementor-element elementor-element-717c67a elementor-widget elementor-widget-image\" data-id=\"717c67a\" data-element_type=\"widget\" data-e-type=\"widget\" data-widget_type=\"image.default\">\n\t\t\t\t<div class=\"elementor-widget-container\">\n\t\t\t\t\t\t\t\t\t\t\t\t\t\t\t<img decoding=\"async\" width=\"300\" height=\"212\" src=\"https:\/\/campingsalsten.se\/wp-content\/uploads\/2026\/01\/CP_LogoHogaKusten-300x212.png\" class=\"attachment-medium size-medium wp-image-2505\" alt=\"\" srcset=\"https:\/\/campingsalsten.se\/wp-content\/uploads\/2026\/01\/CP_LogoHogaKusten-300x212.png 300w, https:\/\/campingsalsten.se\/wp-content\/uploads\/2026\/01\/CP_LogoHogaKusten-768x543.png 768w, https:\/\/campingsalsten.se\/wp-content\/uploads\/2026\/01\/CP_LogoHogaKusten-18x12.png 18w, https:\/\/campingsalsten.se\/wp-content\/uploads\/2026\/01\/CP_LogoHogaKusten.png 893w\" sizes=\"(max-width: 300px) 100vw, 300px\" \/>\t\t\t\t\t\t\t\t\t\t\t\t\t\t\t<\/div>\n\t\t\t\t<\/div>\n\t\t\t\t<div class=\"elementor-element elementor-element-08078f1 elementor-widget elementor-widget-heading\" data-id=\"08078f1\" data-element_type=\"widget\" data-e-type=\"widget\" data-widget_type=\"heading.default\">\n\t\t\t\t<div class=\"elementor-widget-container\">\n\t\t\t\t\t<h2 class=\"elementor-heading-title elementor-size-default\">Adresse:<br>S\u00e4lsten 22<br>871 33 H\u00e4rn\u00f6sand, Schweden <\/h2>\t\t\t\t<\/div>\n\t\t\t\t<\/div>\n\t\t\t\t<div class=\"elementor-element elementor-element-a006a5b elementor-widget elementor-widget-heading\" data-id=\"a006a5b\" data-element_type=\"widget\" data-e-type=\"widget\" data-widget_type=\"heading.default\">\n\t\t\t\t<div class=\"elementor-widget-container\">\n\t\t\t\t\t<h2 class=\"elementor-heading-title elementor-size-default\"><a href=\"tel:+4661118150\">Telefon:<br>+46 (0) 611 181 50<\/a><\/h2>\t\t\t\t<\/div>\n\t\t\t\t<\/div>\n\t\t\t\t<div class=\"elementor-element elementor-element-d1484ef elementor-shape-rounded elementor-grid-0 e-grid-align-center elementor-widget elementor-widget-social-icons\" data-id=\"d1484ef\" data-element_type=\"widget\" data-e-type=\"widget\" data-widget_type=\"social-icons.default\">\n\t\t\t\t<div class=\"elementor-widget-container\">\n\t\t\t\t\t\t\t<div class=\"elementor-social-icons-wrapper elementor-grid\" role=\"list\">\n\t\t\t\t\t\t\t<span class=\"elementor-grid-item\" role=\"listitem\">\n\t\t\t\t\t<a class=\"elementor-icon elementor-social-icon elementor-social-icon-envelope elementor-repeater-item-5780972\" href=\"mailto:info@campingsalsten.se\" target=\"_blank\">\n\t\t\t\t\t\t<span class=\"elementor-screen-only\">Umschlag<\/span>\n\t\t\t\t\t\t<svg aria-hidden=\"true\" class=\"e-font-icon-svg e-fas-envelope\" viewbox=\"0 0 512 512\" xmlns=\"http:\/\/www.w3.org\/2000\/svg\"><path d=\"M502.3 190.8c3.9-3.1 9.7-.2 9.7 4.7V400c0 26.5-21.5 48-48 48H48c-26.5 0-48-21.5-48-48V195.6c0-5 5.7-7.8 9.7-4.7 22.4 17.4 52.1 39.5 154.1 113.6 21.1 15.4 56.7 47.8 92.2 47.6 35.7.3 72-32.8 92.3-47.6 102-74.1 131.6-96.3 154-113.7zM256 320c23.2.4 56.6-29.2 73.4-41.4 132.7-96.3 142.8-104.7 173.4-128.7 5.8-4.5 9.2-11.5 9.2-18.9v-19c0-26.5-21.5-48-48-48H48C21.5 64 0 85.5 0 112v19c0 7.4 3.4 14.3 9.2 18.9 30.6 23.9 40.7 32.4 173.4 128.7 16.8 12.2 50.2 41.8 73.4 41.4z\"><\/path><\/svg>\t\t\t\t\t<\/a>\n\t\t\t\t<\/span>\n\t\t\t\t\t\t\t<span class=\"elementor-grid-item\" role=\"listitem\">\n\t\t\t\t\t<a class=\"elementor-icon elementor-social-icon elementor-social-icon-facebook elementor-repeater-item-924a4bc\" href=\"https:\/\/www.facebook.com\/profile.php?id=61575571474483\" target=\"_blank\">\n\t\t\t\t\t\t<span class=\"elementor-screen-only\">Facebook<\/span>\n\t\t\t\t\t\t<svg aria-hidden=\"true\" class=\"e-font-icon-svg e-fab-facebook\" viewbox=\"0 0 512 512\" xmlns=\"http:\/\/www.w3.org\/2000\/svg\"><path d=\"M504 256C504 119 393 8 256 8S8 119 8 256c0 123.78 90.69 226.38 209.25 245V327.69h-63V256h63v-54.64c0-62.15 37-96.48 93.67-96.48 27.14 0 55.52 4.84 55.52 4.84v61h-31.28c-30.8 0-40.41 19.12-40.41 38.73V256h68.78l-11 71.69h-57.78V501C413.31 482.38 504 379.78 504 256z\"><\/path><\/svg>\t\t\t\t\t<\/a>\n\t\t\t\t<\/span>\n\t\t\t\t\t\t\t<span class=\"elementor-grid-item\" role=\"listitem\">\n\t\t\t\t\t<a class=\"elementor-icon elementor-social-icon elementor-social-icon-instagram elementor-repeater-item-a7854a9\" href=\"https:\/\/www.instagram.com\/camping_salsten\/\" target=\"_blank\">\n\t\t\t\t\t\t<span class=\"elementor-screen-only\">Instagram<\/span>\n\t\t\t\t\t\t<svg aria-hidden=\"true\" class=\"e-font-icon-svg e-fab-instagram\" viewbox=\"0 0 448 512\" xmlns=\"http:\/\/www.w3.org\/2000\/svg\"><path d=\"M224.1 141c-63.6 0-114.9 51.3-114.9 114.9s51.3 114.9 114.9 114.9S339 319.5 339 255.9 287.7 141 224.1 141zm0 189.6c-41.1 0-74.7-33.5-74.7-74.7s33.5-74.7 74.7-74.7 74.7 33.5 74.7 74.7-33.6 74.7-74.7 74.7zm146.4-194.3c0 14.9-12 26.8-26.8 26.8-14.9 0-26.8-12-26.8-26.8s12-26.8 26.8-26.8 26.8 12 26.8 26.8zm76.1 27.2c-1.7-35.9-9.9-67.7-36.2-93.9-26.2-26.2-58-34.4-93.9-36.2-37-2.1-147.9-2.1-184.9 0-35.8 1.7-67.6 9.9-93.9 36.1s-34.4 58-36.2 93.9c-2.1 37-2.1 147.9 0 184.9 1.7 35.9 9.9 67.7 36.2 93.9s58 34.4 93.9 36.2c37 2.1 147.9 2.1 184.9 0 35.9-1.7 67.7-9.9 93.9-36.2 26.2-26.2 34.4-58 36.2-93.9 2.1-37 2.1-147.8 0-184.8zM398.8 388c-7.8 19.6-22.9 34.7-42.6 42.6-29.5 11.7-99.5 9-132.1 9s-102.7 2.6-132.1-9c-19.6-7.8-34.7-22.9-42.6-42.6-11.7-29.5-9-99.5-9-132.1s-2.6-102.7 9-132.1c7.8-19.6 22.9-34.7 42.6-42.6 29.5-11.7 99.5-9 132.1-9s102.7-2.6 132.1 9c19.6 7.8 34.7 22.9 42.6 42.6 11.7 29.5 9 99.5 9 132.1s2.7 102.7-9 132.1z\"><\/path><\/svg>\t\t\t\t\t<\/a>\n\t\t\t\t<\/span>\n\t\t\t\t\t<\/div>\n\t\t\t\t\t\t<\/div>\n\t\t\t\t<\/div>\n\t\t\t\t\t<\/div>\n\t\t\t\t<\/div>\n\t\t\t\t<\/div>","protected":false},"excerpt":{"rendered":"<p>Om oss Vi (Sarah och Mike) \u00e4r ett par sedan 2013 och gifta sedan 2018. Efter ett l\u00e5ngdistansf\u00f6rh\u00e5llande (Schweiz \u2013 Tyskland) flyttade Sarah till Mike i Schweiz \u00e5r 2014. Vid sidan av v\u00e5r kontinuerliga utbildning och v\u00e5rt yrkesliv har vi uppt\u00e4ckt v\u00e5r passion f\u00f6r camping. F\u00f6rst med t\u00e4lt och motorcykel, senare med husvagn och sedan [&hellip;]<\/p>\n","protected":false},"author":1,"featured_media":0,"parent":0,"menu_order":0,"comment_status":"closed","ping_status":"closed","template":"","meta":{"site-sidebar-layout":"no-sidebar","site-content-layout":"page-builder","ast-site-content-layout":"full-width-container","site-content-style":"unboxed","site-sidebar-style":"unboxed","ast-global-header-display":"","ast-banner-title-visibility":"","ast-main-header-display":"","ast-hfb-above-header-display":"","ast-hfb-below-header-display":"","ast-hfb-mobile-header-display":"","site-post-title":"disabled","ast-breadcrumbs-content":"","ast-featured-img":"disabled","footer-sml-layout":"","ast-disable-related-posts":"","theme-transparent-header-meta":"enabled","adv-header-id-meta":"","stick-header-meta":"","header-above-stick-meta":"","header-main-stick-meta":"","header-below-stick-meta":"","astra-migrate-meta-layouts":"set","ast-page-background-enabled":"default","ast-page-background-meta":{"desktop":{"background-color":"var(--ast-global-color-4)","background-image":"","background-repeat":"repeat","background-position":"center center","background-size":"auto","background-attachment":"scroll","background-type":"","background-media":"","overlay-type":"","overlay-color":"","overlay-opacity":"","overlay-gradient":""},"tablet":{"background-color":"","background-image":"","background-repeat":"repeat","background-position":"center center","background-size":"auto","background-attachment":"scroll","background-type":"","background-media":"","overlay-type":"","overlay-color":"","overlay-opacity":"","overlay-gradient":""},"mobile":{"background-color":"","background-image":"","background-repeat":"repeat","background-position":"center center","background-size":"auto","background-attachment":"scroll","background-type":"","background-media":"","overlay-type":"","overlay-color":"","overlay-opacity":"","overlay-gradient":""}},"ast-content-background-meta":{"desktop":{"background-color":"var(--ast-global-color-5)","background-image":"","background-repeat":"repeat","background-position":"center center","background-size":"auto","background-attachment":"scroll","background-type":"","background-media":"","overlay-type":"","overlay-color":"","overlay-opacity":"","overlay-gradient":""},"tablet":{"background-color":"var(--ast-global-color-5)","background-image":"","background-repeat":"repeat","background-position":"center center","background-size":"auto","background-attachment":"scroll","background-type":"","background-media":"","overlay-type":"","overlay-color":"","overlay-opacity":"","overlay-gradient":""},"mobile":{"background-color":"var(--ast-global-color-5)","background-image":"","background-repeat":"repeat","background-position":"center center","background-size":"auto","background-attachment":"scroll","background-type":"","background-media":"","overlay-type":"","overlay-color":"","overlay-opacity":"","overlay-gradient":""}},"footnotes":""},"class_list":["post-16","page","type-page","status-publish","hentry"],"_links":{"self":[{"href":"https:\/\/campingsalsten.se\/de\/wp-json\/wp\/v2\/pages\/16","targetHints":{"allow":["GET"]}}],"collection":[{"href":"https:\/\/campingsalsten.se\/de\/wp-json\/wp\/v2\/pages"}],"about":[{"href":"https:\/\/campingsalsten.se\/de\/wp-json\/wp\/v2\/types\/page"}],"author":[{"embeddable":true,"href":"https:\/\/campingsalsten.se\/de\/wp-json\/wp\/v2\/users\/1"}],"replies":[{"embeddable":true,"href":"https:\/\/campingsalsten.se\/de\/wp-json\/wp\/v2\/comments?post=16"}],"version-history":[{"count":61,"href":"https:\/\/campingsalsten.se\/de\/wp-json\/wp\/v2\/pages\/16\/revisions"}],"predecessor-version":[{"id":2595,"href":"https:\/\/campingsalsten.se\/de\/wp-json\/wp\/v2\/pages\/16\/revisions\/2595"}],"wp:attachment":[{"href":"https:\/\/campingsalsten.se\/de\/wp-json\/wp\/v2\/media?parent=16"}],"curies":[{"name":"wp","href":"https:\/\/api.w.org\/{rel}","templated":true}]}}